{"id":388,"date":"2013-12-02T05:50:20","date_gmt":"2013-12-02T05:50:20","guid":{"rendered":"http:\/\/localhost\/wp-faculty\/?page_id=2"},"modified":"2023-08-31T01:19:38","modified_gmt":"2023-08-31T01:19:38","slug":"home","status":"publish","type":"page","link":"https:\/\/dermotmoran.com\/","title":{"rendered":"Home"},"content":{"rendered":"<div class=\"wpb-content-wrapper\"><p>[vc_row][vc_column width=&#8221;2\/3&#8243;]<h1 class=\"fac-big-title fac-title text-left\" style=\"color:#4b4b4b\">Biography<\/h1>\n[vc_column_text]Dermot Moran is currently the inaugural holder of the Joseph Chair in Catholic Philosophy at Boston College and he also served as Chair of the Philosophy Department until June 2023. Previously, he held the full Professorship of Philosophy (Chair of Metaphysics and Logic) at University College Dublin, from 1989 to his retirement. \u00a0At its General Assembly in Athens, Greece, on 9th August 2013, Professor Dermot Moran was elected President of the <a href=\"http:\/\/www.fisp.org\" target=\"_blank\" rel=\"noopener noreferrer\">International Federation of Philosophical Societies\/ F\u00e9d\u00e9ration Internationale des Soci\u00e9t\u00e9s de Philosophie<\/a> (FISP), for a five-year period from 2013 to 2018. As President of FISP, he also presided over the 24th World Congress of Philosophy held in Beijing, China, 13-20 August 2018. He is now Past President of FISP (2018 to 2024) involved in organizing the 25th World Congress of Philosophy, Rome, Italy, 1-8 August 2024.<\/p>\n<p>In 2003 Dermot Moran was elected Member of the\u00a0<a href=\"http:\/\/www.ria.ie\/\" target=\"_blank\" rel=\"noopener noreferrer\">Royal Irish Academy<\/a>\u00a0and in 2016 he was elected to the <a href=\"http:\/\/www.i-i-p.org\">Institut International de Philosophie<\/a>. Professor Moran was awarded the <a href=\"http:\/\/www.ria.ie\" target=\"_blank\" rel=\"noopener noreferrer\">Royal Irish Academy<\/a> Gold Medal in the Humanities in 2012. He was awarded the higher doctorate, DLitt Degree, on the basis of published works by the National University of Ireland in 2013.<\/p>\n<p>He previously lectured in the Department of Scholastic Philosophy at\u00a0<a href=\"http:\/\/www.qub.ac.uk\/\" target=\"_blank\" rel=\"noopener noreferrer\">Queen\u2019s University Belfast\u00a0<\/a>(1979-1982) and in the Department of Philosophy at St Patrick\u2019s College, Maynooth (1982-1989), then a Recognized College of the National University of Ireland, and now Maynooth University. He has held Visiting Professorships in the USA, including at <a href=\"http:\/\/www.yale.edu\/\" target=\"_blank\" rel=\"noopener noreferrer\">Yale University<\/a>\u00a0(1986-1987),\u00a0<a href=\"http:\/\/www.conncoll.edu\/\" target=\"_blank\" rel=\"noopener noreferrer\">Connecticut College<\/a>\u00a0(1992-1993),\u00a0<a href=\"http:\/\/www.rice.edu\/\" target=\"_blank\" rel=\"noopener noreferrer\">Rice University<\/a>\u00a0(Fall 2003 and Spring 2006),\u00a0<a href=\"http:\/\/www.northwestern.edu\/\" target=\"_blank\" rel=\"noopener noreferrer\">Northwestern University<\/a> (2007), and internationally the <a href=\"http:\/\/www.cuhk.edu.hk\/english\/index.html\" target=\"_blank\" rel=\"noopener noreferrer\">Chinese University of Hong Kong<\/a> (Summer 2010). He was Gadamer Visiting Professor at <a href=\"http:\/\/www.bc.edu\" target=\"_blank\" rel=\"noopener noreferrer\">Boston College<\/a> (Spring 2015). He also served as\u00a0Walter Murdoch Adjunct Professor in the Humanities, <a href=\"http:\/\/www.murdoch.edu.au\" target=\"_blank\" rel=\"noopener noreferrer\">Murdoch University<\/a>, Perth, Australia (2012-2015).<\/p>\n<p>Dermot Moran was Director of the <a href=\"http:\/\/http:\/\/www.ucd.ie\/newman\/\" target=\"_blank\" rel=\"noopener noreferrer\">International Centre of Newman Studies<\/a> in UCD promoting the legacy of John Henry Cardinal Newman, first Rector of the Catholic University, Dublin, 1954-1858. He is now Chairperson of the Board of the UCD Newman Centre for the Study of Religions.<\/p>\n<p>Dermot Moran was an elected member of the Executive of the <a href=\"http:\/\/www.spep.org\" target=\"_blank\" rel=\"noopener noreferrer\">Society for Phenomenology and Existential Philosophy<\/a> (2013-2016).<\/p>\n<p>On 26 October 2015 Professor Dermot Moran was awarded an Honorary Doctoral Degree in Philosophy by the National and Kapodistrian University of Athens &#8220;for his contribution to the promotion of Philosophy in general and with regard to his field of research in particular&#8221;. In December 2016, he was awarded an Honorary Professorship in the Department of Philosophy, Wuhan University, Wuhan, China. He was awarded an Honorary Professorship, School of Philosophy, Nankai University, Tienjen, People\u2019s Republic of China. 17 October 2019; and\u00a0Honorary Professorship, Philosophy, Sun Yat-sen University, Guangzhou, People\u2019s Republic of China. July 2019.[\/vc_column_text][\/vc_column][vc_column width=&#8221;1\/3&#8243;][vc_single_image image=&#8221;477&#8243; img_size=&#8221;full&#8221; alignment=&#8221;center&#8221; el_class=&#8221;img-responsive&#8221;][\/vc_column][\/vc_row][vc_row bg_color=&#8221;#fcfcfc&#8221;][vc_column][vc_column_text][\/vc_column_text]<h3 class=\"fac-title text-center\" style=\"color:#4b4b4b\">Academic Positions<\/h3>\n<ul class=\"ul-dates \">\n\t\t\t<li class=\"\">\n\t\t\t\t<div class=\"dates\"><span>present<\/span><span>2018<\/span><\/div>\n\t\t\t\t<div class=\"content\"><h4>Full Professor of Philosophy, Joseph Chair in Catholic Philosophy<\/h4><p>Boston College<\/p><\/div>\n\t\t\t<\/li>\n\t\t\t<li class=\"\">\n\t\t\t\t<div class=\"dates\"><span>2018<\/span><span>1989<\/span><\/div>\n\t\t\t\t<div class=\"content\"><h4>Full Professor of Philosophy (Metaphysics &amp; Logic)<\/h4><p>School of Philosophy, <a href=\"http:\/\/www.ucd.ie\/philosophy\" target=\"_blank\" rel=\"noopener noreferrer\">University College Dublin<\/a>.<\/p><\/div>\n\t\t\t<\/li>\n\t\t\t<li class=\"\">\n\t\t\t\t<div class=\"dates\"><span>1996<\/span><span>1989<\/span><\/div>\n\t\t\t\t<div class=\"content\"><h4>Head (Chairperson) of the UCD Department of Philosophy<\/h4><p>University College Dublin<\/p><\/div>\n\t\t\t<\/li>\n\t\t\t<li class=\"\">\n\t\t\t\t<div class=\"dates\"><span>2001<\/span><span>1999<\/span><\/div>\n\t\t\t\t<div class=\"content\"><h4>Head (Chairperson) of the UCD Department of Philosophy<\/h4><p>University College Dublin<\/p><\/div>\n\t\t\t<\/li>\n\t\t\t<li class=\"\">\n\t\t\t\t<div class=\"dates\"><span>1989<\/span><span>1982<\/span><\/div>\n\t\t\t\t<div class=\"content\"><h4>Lecturer<\/h4><p>Department of Philosophy, St. Patrick\u2019s College, Maynooth, Co. Kildare, Ireland<\/p><\/div>\n\t\t\t<\/li>\n\t\t\t<li class=\"\">\n\t\t\t\t<div class=\"dates\"><span>1982<\/span><span>1979<\/span><\/div>\n\t\t\t\t<div class=\"content\"><h4>Lecturer<\/h4><p>Department of Scholastic Philosophy, Queen\u2019s University of Belfast, Northern Ireland<\/p><\/div>\n\t\t\t<\/li>\n\t\t\t<li class=\"\">\n\t\t\t\t<div class=\"dates\"><span>Fall<\/span><span>1976<\/span><\/div>\n\t\t\t\t<div class=\"content\"><h4>Visiting Lecturer<\/h4><p>College Seminar Program, Ezra Stiles College, Yale University, USA<\/p><\/div>\n\t\t\t<\/li>\n\t\t\t<li class=\"\">\n\t\t\t\t<div class=\"dates\"><span>1978<\/span><span>1974<\/span><\/div>\n\t\t\t\t<div class=\"content\"><h4>Teaching Assistant\/ Instructor<\/h4><p>Philosophy Dept., Yale University<\/p><\/div>\n\t\t\t<\/li><\/ul><h3 class=\"fac-title text-center\" style=\"color:#4b4b4b\">Visiting Academic Positions<\/h3>\n<ul class=\"ul-dates \">\n\t\t\t<li class=\"\">\n\t\t\t\t<div class=\"dates\"><span>Spring<\/span><span>2015<\/span><\/div>\n\t\t\t\t<div class=\"content\"><h4>Gadamer Visiting Professorship<\/h4><p>Boston College, Boston, USA<\/p><\/div>\n\t\t\t<\/li>\n\t\t\t<li class=\"\">\n\t\t\t\t<div class=\"dates\"><span>2016<\/span><span>2013<\/span><\/div>\n\t\t\t\t<div class=\"content\"><h4>Walter Murdoch Adjunct Professor<\/h4><p>School of Social Sciences and Humanities, Murdoch University, Perth, Australia<\/p><\/div>\n\t\t\t<\/li>\n\t\t\t<li class=\"\">\n\t\t\t\t<div class=\"dates\"><span>Summer<\/span><span>2010<\/span><\/div>\n\t\t\t\t<div class=\"content\"><h4>Visiting Professor<\/h4><p>Edwin Cheng Center for Phenomenology, Chinese University of Hong Kong<\/p><\/div>\n\t\t\t<\/li>\n\t\t\t<li class=\"\">\n\t\t\t\t<div class=\"dates\"><span>Winter<\/span><span>2007<\/span><\/div>\n\t\t\t\t<div class=\"content\"><h4>Distinguished Visiting Professor<\/h4><p>Philosophy Dept., Northwestern University, Evanston, Illinois, USA<\/p><\/div>\n\t\t\t<\/li><\/ul><h3 class=\"fac-title text-center\" style=\"color:#4b4b4b\">Education &amp; Training<\/h3>\n<ul class=\"ul-card \">\n\t\t\t<li class=\"\"><div class=\"dy\">\n\t\t\t\t<span class=\"degree\">DLitt<\/span>\n\t\t\t\t<span class=\"year\">2013<\/span><\/div>\n\t\t\t\t<div class=\"description\"><p class=\"what\">DLitt in Philosophy<\/p><p class=\"where\">National University of Ireland<\/p><\/div>\n\t\t\t<\/li>\n\t\t\t<li class=\"\"><div class=\"dy\">\n\t\t\t\t<span class=\"degree\">Ph.D.<\/span>\n\t\t\t\t<span class=\"year\">1986<\/span><\/div>\n\t\t\t\t<div class=\"description\"><p class=\"what\">Ph.D. in Philosophy<\/p><p class=\"where\">Yale University<\/p><\/div>\n\t\t\t<\/li>\n\t\t\t<li class=\"\"><div class=\"dy\">\n\t\t\t\t<span class=\"degree\">M. Phil.<\/span>\n\t\t\t\t<span class=\"year\">1976<\/span><\/div>\n\t\t\t\t<div class=\"description\"><p class=\"what\">M. Phil. in Philosophy<\/p><p class=\"where\">Yale University<\/p><\/div>\n\t\t\t<\/li>\n\t\t\t<li class=\"\"><div class=\"dy\">\n\t\t\t\t<span class=\"degree\">M.A.<\/span>\n\t\t\t\t<span class=\"year\">1974<\/span><\/div>\n\t\t\t\t<div class=\"description\"><p class=\"what\">M.A. in Philosophy<\/p><p class=\"where\">Yale University<\/p><\/div>\n\t\t\t<\/li>\n\t\t\t<li class=\"\"><div class=\"dy\">\n\t\t\t\t<span class=\"degree\">B.A.<\/span>\n\t\t\t\t<span class=\"year\">1973<\/span><\/div>\n\t\t\t\t<div class=\"description\"><p class=\"what\">B.A. in Philosophy and English<\/p><p class=\"where\">University College Dublin<\/p><\/div>\n\t\t\t<\/li><\/ul>[vc_column_text][\/vc_column_text][\/vc_column][\/vc_row][vc_row bg_color=&#8221;#f7f7f7&#8243;][vc_column width=&#8221;1\/12&#8243;][vc_column_text][\/vc_column_text][\/vc_column][vc_column width=&#8221;5\/6&#8243;]<h2 class=\"fac-title text-center\" style=\"color:#4b4b4b\">Awards and Distinctions<\/h2>\n<ul class=\"timeline \">\n\t\t\t<li class=\"\">\n\t\t\t\t<div class=\"date\">2019<\/div>\n\t\t\t\t<div class=\"circle\"><\/div>\n\t\t\t\t<div class=\"data\"><div class=\"subject\">Tang Chun-I Visiting Professor, Philosophy Department Chinese University of Hong Kong<\/div><div class=\"text row\">\n\t\t    <div class=\"col-md-12\">\n\t\t        \n\t\t    <\/div><\/div><\/div>\n\t\t\t<\/li>\n\t\t\t<li class=\"\">\n\t\t\t\t<div class=\"date\">2019<\/div>\n\t\t\t\t<div class=\"circle\"><\/div>\n\t\t\t\t<div class=\"data\"><div class=\"subject\">Honorary Professor, Philosophy, Nankai University, Tienjen, People\u2019s Republic of China<\/div><div class=\"text row\">\n\t\t    <div class=\"col-md-12\">\n\t\t        \n\t\t    <\/div><\/div><\/div>\n\t\t\t<\/li>\n\t\t\t<li class=\"\">\n\t\t\t\t<div class=\"date\">2019<\/div>\n\t\t\t\t<div class=\"circle\"><\/div>\n\t\t\t\t<div class=\"data\"><div class=\"subject\">Honorary Professor, Philosophy, Sun Yat-sen University, Guangzhou, People\u2019s Republic of China<\/div><div class=\"text row\">\n\t\t    <div class=\"col-md-12\">\n\t\t        \n\t\t    <\/div><\/div><\/div>\n\t\t\t<\/li>\n\t\t\t<li class=\"\">\n\t\t\t\t<div class=\"date\">2018<\/div>\n\t\t\t\t<div class=\"circle\"><\/div>\n\t\t\t\t<div class=\"data\"><div class=\"subject\">President, FISP, &amp; Ex officio Member of the Executive Committee and the Programme Committee, XXIV World Congress of Philosophy, Learning to be Human, Peking University, Beijing, China (13-20 August 2018)<\/div><div class=\"text row\">\n\t\t    <div class=\"col-md-12\">\n\t\t        \n\t\t    <\/div><\/div><\/div>\n\t\t\t<\/li>\n\t\t\t<li class=\"\">\n\t\t\t\t<div class=\"date\">2017<\/div>\n\t\t\t\t<div class=\"circle\"><\/div>\n\t\t\t\t<div class=\"data\"><div class=\"subject\">Elected Member of the Senate of the National University of Ireland (2017-2021)<\/div><div class=\"text row\">\n\t\t    <div class=\"col-md-12\">\n\t\t        \n\t\t    <\/div><\/div><\/div>\n\t\t\t<\/li>\n\t\t\t<li class=\"\">\n\t\t\t\t<div class=\"date\">2016<\/div>\n\t\t\t\t<div class=\"circle\"><\/div>\n\t\t\t\t<div class=\"data\"><div class=\"subject\">Elected Member of the Institut International de Philosophie (IIP)<\/div><div class=\"text row\">\n\t\t    <div class=\"col-md-12\">\n\t\t        \n\t\t    <\/div><\/div><\/div>\n\t\t\t<\/li>\n\t\t\t<li class=\"\">\n\t\t\t\t<div class=\"date\">December 2016<\/div>\n\t\t\t\t<div class=\"circle\"><\/div>\n\t\t\t\t<div class=\"data\"><div class=\"subject\">Honorary Professor, WUHAN University, Wuhan, China<\/div><div class=\"text row\">\n\t\t    <div class=\"col-md-12\">\n\t\t        \n\t\t    <\/div><\/div><\/div>\n\t\t\t<\/li>\n\t\t\t<li class=\"\">\n\t\t\t\t<div class=\"date\">2015<\/div>\n\t\t\t\t<div class=\"circle\"><\/div>\n\t\t\t\t<div class=\"data\"><div class=\"subject\">Honorary Doctorate in Philosophy, The National and Kapodistrian University of Athens<\/div><div class=\"text row\">\n\t\t    <div class=\"col-md-12\">\n\t\t        Awarded in recognition of my contribution to the promotion of philosophy and my own research activity\n\t\t    <\/div><\/div><\/div>\n\t\t\t<\/li>\n\t\t\t<li class=\"\">\n\t\t\t\t<div class=\"date\">2013<\/div>\n\t\t\t\t<div class=\"circle\"><\/div>\n\t\t\t\t<div class=\"data\"><div class=\"subject\">DLitt Degree on the basis of published work (National University of Ireland)<\/div><div class=\"text row\">\n\t\t    <div class=\"col-md-12\">\n\t\t        \n\t\t    <\/div><\/div><\/div>\n\t\t\t<\/li>\n\t\t\t<li class=\"\">\n\t\t\t\t<div class=\"date\">2006<\/div>\n\t\t\t\t<div class=\"circle\"><\/div>\n\t\t\t\t<div class=\"data\"><div class=\"subject\">Associate Fellow, Martel College, Rice University<\/div><div class=\"text row\">\n\t\t    <div class=\"col-md-12\">\n\t\t        \n\t\t    <\/div><\/div><\/div>\n\t\t\t<\/li>\n\t\t\t<li class=\"\">\n\t\t\t\t<div class=\"date\">ongoing<\/div>\n\t\t\t\t<div class=\"circle\"><\/div>\n\t\t\t\t<div class=\"data\"><div class=\"subject\">Member, Board of Directors, Center for Advanced Research in Phenomenology (CARP), USA<\/div><div class=\"text row\">\n\t\t    <div class=\"col-md-12\">\n\t\t        \n\t\t    <\/div><\/div><\/div>\n\t\t\t<\/li>\n\t\t\t<li class=\"\">\n\t\t\t\t<div class=\"date\">2003<\/div>\n\t\t\t\t<div class=\"circle\"><\/div>\n\t\t\t\t<div class=\"data\"><div class=\"subject\">Member, Royal Irish Academy<\/div><div class=\"text row\">\n\t\t    <div class=\"col-md-12\">\n\t\t        \n\t\t    <\/div><\/div><\/div>\n\t\t\t<\/li>\n\t\t\t<li class=\"\">\n\t\t\t\t<div class=\"date\">2001<\/div>\n\t\t\t\t<div class=\"circle\"><\/div>\n\t\t\t\t<div class=\"data\"><div class=\"subject\">Edward Goodwin Ballard Prize in Phenomenology<\/div><div class=\"text row\">\n\t\t    <div class=\"col-md-12\">\n\t\t        Value $1000.\n\t\t    <\/div><\/div><\/div>\n\t\t\t<\/li>\n\t\t\t<li class=\"\">\n\t\t\t\t<div class=\"date\">1973<\/div>\n\t\t\t\t<div class=\"circle\"><\/div>\n\t\t\t\t<div class=\"data\"><div class=\"subject\">Magennis Prize in Philosophy, University College Dublin<\/div><div class=\"text row\">\n\t\t    <div class=\"col-md-12\">\n\t\t        \n\t\t    <\/div><\/div><\/div>\n\t\t\t<\/li>\n\t\t\t<li class=\"\">\n\t\t\t\t<div class=\"date\">1970<\/div>\n\t\t\t\t<div class=\"circle\"><\/div>\n\t\t\t\t<div class=\"data\"><div class=\"subject\">Gold Medal for Chemistry, Institute of Chemistry of Ireland<\/div><div class=\"text row\">\n\t\t    <div class=\"col-md-12\">\n\t\t        \n\t\t    <\/div><\/div><\/div>\n\t\t\t<\/li><\/ul>[\/vc_column][vc_column width=&#8221;1\/12&#8243;][vc_column_text][\/vc_column_text][\/vc_column][\/vc_row]<\/p>\n<\/div>","protected":false},"excerpt":{"rendered":"<p>[vc_row][vc_column width=&#8221;2\/3&#8243;][vc_column_text]Dermot Moran is currently the inaugural holder of the Joseph Chair in Catholic Philosophy at Boston College and he [&hellip;]<\/p>\n","protected":false},"author":2,"featured_media":0,"parent":0,"menu_order":0,"comment_status":"open","ping_status":"closed","template":"page-pagebuilder.php","meta":{"narrative_post_script":"","footnotes":""},"class_list":["post-388","page","type-page","status-publish","hentry"],"_links":{"self":[{"href":"https:\/\/dermotmoran.com\/index.php?rest_route=\/wp\/v2\/pages\/388","targetHints":{"allow":["GET"]}}],"collection":[{"href":"https:\/\/dermotmoran.com\/index.php?rest_route=\/wp\/v2\/pages"}],"about":[{"href":"https:\/\/dermotmoran.com\/index.php?rest_route=\/wp\/v2\/types\/page"}],"author":[{"embeddable":true,"href":"https:\/\/dermotmoran.com\/index.php?rest_route=\/wp\/v2\/users\/2"}],"replies":[{"embeddable":true,"href":"https:\/\/dermotmoran.com\/index.php?rest_route=%2Fwp%2Fv2%2Fcomments&post=388"}],"version-history":[{"count":51,"href":"https:\/\/dermotmoran.com\/index.php?rest_route=\/wp\/v2\/pages\/388\/revisions"}],"predecessor-version":[{"id":1204,"href":"https:\/\/dermotmoran.com\/index.php?rest_route=\/wp\/v2\/pages\/388\/revisions\/1204"}],"wp:attachment":[{"href":"https:\/\/dermotmoran.com\/index.php?rest_route=%2Fwp%2Fv2%2Fmedia&parent=388"}],"curies":[{"name":"wp","href":"https:\/\/api.w.org\/{rel}","templated":true}]}}